{"id":766,"date":"2016-10-24T16:27:32","date_gmt":"2016-10-24T20:27:32","guid":{"rendered":"https:\/\/baleine-gaspe-www.jolidev\/fr\/?page_id=766"},"modified":"2016-10-24T16:27:32","modified_gmt":"2016-10-24T20:27:32","slug":"carte-du-site","status":"publish","type":"page","link":"https:\/\/baleines-forillon.com\/fr\/carte-du-site\/","title":{"rendered":"Carte du site"},"content":{"rendered":"<ul><li class=\"page_item page-item-2169\"><a href=\"https:\/\/baleines-forillon.com\/fr\/croisieres-et-environnement-securitaires-covid-19\/\">#2169 (pas de titre)<\/a><\/li>\n<li class=\"page_item page-item-628\"><a href=\"https:\/\/baleines-forillon.com\/fr\/accreditations-et-partenaires\/\">Accr\u00e9ditations et partenaires<\/a><\/li>\n<li class=\"page_item page-item-13343\"><a href=\"https:\/\/baleines-forillon.com\/fr\/\">Bienvenue \u00e0 bord<\/a><\/li>\n<li class=\"page_item page-item-1673\"><a href=\"https:\/\/baleines-forillon.com\/fr\/billetterie\/\">Billetterie<\/a><\/li>\n<li class=\"page_item page-item-1258\"><a href=\"https:\/\/baleines-forillon.com\/fr\/carrieres\/\">Carri\u00e8res<\/a><\/li>\n<li class=\"page_item page-item-766\"><a href=\"https:\/\/baleines-forillon.com\/fr\/carte-du-site\/\">Carte du site<\/a><\/li>\n<li class=\"page_item page-item-342\"><a href=\"https:\/\/baleines-forillon.com\/fr\/comment-reserver\/\">Comment r\u00e9server<\/a><\/li>\n<li class=\"page_item page-item-382\"><a href=\"https:\/\/baleines-forillon.com\/fr\/horaire-et-tarifs\/\">Horaire et tarifs 2026 Narval III et Rocher Le Vieux<\/a><\/li>\n<li class=\"page_item page-item-618\"><a href=\"https:\/\/baleines-forillon.com\/fr\/informations-importantes\/\">Informations importantes et foire aux questions<\/a><\/li>\n<li class=\"page_item page-item-867\"><a href=\"https:\/\/baleines-forillon.com\/fr\/la-croisiere-aux-baleines\/\">La croisi\u00e8re aux baleines<\/a><\/li>\n<li class=\"page_item page-item-151 page_item_has_children\"><a href=\"https:\/\/baleines-forillon.com\/fr\/les-baleines-de-forillon\/\">Les baleines de Forillon<\/a>\n<ul class='children'>\n\t<li class=\"page_item page-item-277\"><a href=\"https:\/\/baleines-forillon.com\/fr\/les-baleines-de-forillon\/dauphin-a-flancs-blancs-de-latlantique\/\">Dauphin \u00e0 flancs blancs de l&rsquo;Atlantique<\/a><\/li>\n\t<li class=\"page_item page-item-97\"><a href=\"https:\/\/baleines-forillon.com\/fr\/les-baleines-de-forillon\/petit-marsouin\/\">Petit Marsouin<\/a><\/li>\n\t<li class=\"page_item page-item-296\"><a href=\"https:\/\/baleines-forillon.com\/fr\/les-baleines-de-forillon\/petit-rorqual\/\">Petit Rorqual<\/a><\/li>\n\t<li class=\"page_item page-item-274\"><a href=\"https:\/\/baleines-forillon.com\/fr\/les-baleines-de-forillon\/rorqual-a-bosse\/\">Rorqual \u00e0 bosse<\/a><\/li>\n\t<li class=\"page_item page-item-306\"><a href=\"https:\/\/baleines-forillon.com\/fr\/les-baleines-de-forillon\/rorqual-bleu\/\">Rorqual bleu<\/a><\/li>\n\t<li class=\"page_item page-item-291\"><a href=\"https:\/\/baleines-forillon.com\/fr\/les-baleines-de-forillon\/rorqual-commun\/\">Rorqual commun<\/a><\/li>\n<\/ul>\n<\/li>\n<li class=\"page_item page-item-467\"><a href=\"https:\/\/baleines-forillon.com\/fr\/liens-interessants\/\">Liens int\u00e9ressants<\/a><\/li>\n<li class=\"page_item page-item-1679\"><a href=\"https:\/\/baleines-forillon.com\/fr\/ma-commande\/\">Ma commande<\/a><\/li>\n<li class=\"page_item page-item-1710\"><a href=\"https:\/\/baleines-forillon.com\/fr\/mon-compte\/\">Mon compte<\/a><\/li>\n<li class=\"page_item page-item-118\"><a href=\"https:\/\/baleines-forillon.com\/fr\/nos-embarcations\/\">Nos embarcations<\/a><\/li>\n<li class=\"page_item page-item-394\"><a href=\"https:\/\/baleines-forillon.com\/fr\/notre-point-de-depart\/\">Notre point de d\u00e9part<\/a><\/li>\n<li class=\"page_item page-item-1682\"><a href=\"https:\/\/baleines-forillon.com\/fr\/panier\/\">Panier<\/a><\/li>\n<li class=\"page_item page-item-1712\"><a href=\"https:\/\/baleines-forillon.com\/fr\/conditions-generales-de-vente\/\">Politique de prix, annulation, remboursement<\/a><\/li>\n<li class=\"page_item page-item-13369\"><a href=\"https:\/\/baleines-forillon.com\/fr\/pourquoi-choisir-les-croisieres-baie-de-gaspe\/\">Pourquoi choisir les Croisi\u00e8res Baie&nbsp;de&nbsp;Gasp\u00e9 ?<\/a><\/li>\n<li class=\"page_item page-item-13673\"><a href=\"https:\/\/baleines-forillon.com\/fr\/refund_returns\/\">Refund and Returns Policy<\/a><\/li>\n<li class=\"page_item page-item-431\"><a href=\"https:\/\/baleines-forillon.com\/fr\/rencontrez-notre-equipe\/\">Rencontrez notre \u00e9quipe<\/a><\/li>\n<\/ul>\n","protected":false},"excerpt":{"rendered":"<p>#2169 (pas de titre) Accr\u00e9ditations et partenaires Bienvenue \u00e0 bord Billetterie Carri\u00e8res Carte du site Comment r\u00e9server Horaire et tarifs 2026 Narval III et Rocher Le Vieux Informations importantes et foire aux questions La croisi\u00e8re aux baleines Les baleines de Forillon Dauphin \u00e0 flancs blancs de l&rsquo;Atlantique Petit Marsouin Petit Rorqual Rorqual \u00e0 bosse Rorqual [&#8230;]<\/p>\n","protected":false},"author":1,"featured_media":0,"parent":0,"menu_order":0,"comment_status":"closed","ping_status":"closed","template":"","meta":{"_acf_changed":false,"_genesis_hide_title":false,"_genesis_hide_breadcrumbs":false,"_genesis_hide_singular_image":false,"_genesis_hide_footer_widgets":false,"_genesis_custom_body_class":"","_genesis_custom_post_class":"","_genesis_layout":"","footnotes":""},"yoast_head":"<!-- This site is optimized with the Yoast SEO plugin v22.5 - https:\/\/yoast.com\/wordpress\/plugins\/seo\/ -->\n<title>Carte du site - Baleines Forillon<\/title>\n<meta name=\"robots\" content=\"index, follow, max-snippet:-1, max-image-preview:large, max-video-preview:-1\" \/>\n<link rel=\"canonical\" href=\"https:\/\/www.baleines-forillon.com\/fr\/carte-du-site\/\" \/>\n<meta property=\"og:locale\" content=\"fr_CA\" \/>\n<meta property=\"og:type\" content=\"article\" \/>\n<meta property=\"og:title\" content=\"Carte du site - Baleines Forillon\" \/>\n<meta property=\"og:url\" content=\"https:\/\/www.baleines-forillon.com\/fr\/carte-du-site\/\" \/>\n<meta property=\"og:site_name\" content=\"Baleines Forillon\" \/>\n<meta name=\"twitter:card\" content=\"summary_large_image\" \/>\n<script type=\"application\/ld+json\" class=\"yoast-schema-graph\">{\"@context\":\"https:\/\/schema.org\",\"@graph\":[{\"@type\":\"WebPage\",\"@id\":\"https:\/\/www.baleines-forillon.com\/fr\/carte-du-site\/\",\"url\":\"https:\/\/www.baleines-forillon.com\/fr\/carte-du-site\/\",\"name\":\"Carte du site - Baleines Forillon\",\"isPartOf\":{\"@id\":\"https:\/\/baleines-forillon.com\/fr\/#website\"},\"datePublished\":\"2016-10-24T20:27:32+00:00\",\"dateModified\":\"2016-10-24T20:27:32+00:00\",\"breadcrumb\":{\"@id\":\"https:\/\/www.baleines-forillon.com\/fr\/carte-du-site\/#breadcrumb\"},\"inLanguage\":\"fr-CA\",\"potentialAction\":[{\"@type\":\"ReadAction\",\"target\":[\"https:\/\/www.baleines-forillon.com\/fr\/carte-du-site\/\"]}]},{\"@type\":\"BreadcrumbList\",\"@id\":\"https:\/\/www.baleines-forillon.com\/fr\/carte-du-site\/#breadcrumb\",\"itemListElement\":[{\"@type\":\"ListItem\",\"position\":1,\"name\":\"Home\",\"item\":\"https:\/\/www.baleines-forillon.com\/fr\/\"},{\"@type\":\"ListItem\",\"position\":2,\"name\":\"Carte du site\"}]},{\"@type\":\"WebSite\",\"@id\":\"https:\/\/baleines-forillon.com\/fr\/#website\",\"url\":\"https:\/\/baleines-forillon.com\/fr\/\",\"name\":\"Baleines Forillon\",\"description\":\"Observation de baleines au parc national Forillon | Whale-watching Cruise in Forillon National Park\",\"potentialAction\":[{\"@type\":\"SearchAction\",\"target\":{\"@type\":\"EntryPoint\",\"urlTemplate\":\"https:\/\/baleines-forillon.com\/fr\/?s={search_term_string}\"},\"query-input\":\"required name=search_term_string\"}],\"inLanguage\":\"fr-CA\"}]}<\/script>\n<!-- \/ Yoast SEO plugin. -->","yoast_head_json":{"title":"Carte du site - Baleines Forillon","robots":{"index":"index","follow":"follow","max-snippet":"max-snippet:-1","max-image-preview":"max-image-preview:large","max-video-preview":"max-video-preview:-1"},"canonical":"https:\/\/www.baleines-forillon.com\/fr\/carte-du-site\/","og_locale":"fr_CA","og_type":"article","og_title":"Carte du site - Baleines Forillon","og_url":"https:\/\/www.baleines-forillon.com\/fr\/carte-du-site\/","og_site_name":"Baleines Forillon","twitter_card":"summary_large_image","schema":{"@context":"https:\/\/schema.org","@graph":[{"@type":"WebPage","@id":"https:\/\/www.baleines-forillon.com\/fr\/carte-du-site\/","url":"https:\/\/www.baleines-forillon.com\/fr\/carte-du-site\/","name":"Carte du site - Baleines Forillon","isPartOf":{"@id":"https:\/\/baleines-forillon.com\/fr\/#website"},"datePublished":"2016-10-24T20:27:32+00:00","dateModified":"2016-10-24T20:27:32+00:00","breadcrumb":{"@id":"https:\/\/www.baleines-forillon.com\/fr\/carte-du-site\/#breadcrumb"},"inLanguage":"fr-CA","potentialAction":[{"@type":"ReadAction","target":["https:\/\/www.baleines-forillon.com\/fr\/carte-du-site\/"]}]},{"@type":"BreadcrumbList","@id":"https:\/\/www.baleines-forillon.com\/fr\/carte-du-site\/#breadcrumb","itemListElement":[{"@type":"ListItem","position":1,"name":"Home","item":"https:\/\/www.baleines-forillon.com\/fr\/"},{"@type":"ListItem","position":2,"name":"Carte du site"}]},{"@type":"WebSite","@id":"https:\/\/baleines-forillon.com\/fr\/#website","url":"https:\/\/baleines-forillon.com\/fr\/","name":"Baleines Forillon","description":"Observation de baleines au parc national Forillon | Whale-watching Cruise in Forillon National Park","potentialAction":[{"@type":"SearchAction","target":{"@type":"EntryPoint","urlTemplate":"https:\/\/baleines-forillon.com\/fr\/?s={search_term_string}"},"query-input":"required name=search_term_string"}],"inLanguage":"fr-CA"}]}},"acf":[],"_links":{"self":[{"href":"https:\/\/baleines-forillon.com\/fr\/wp-json\/wp\/v2\/pages\/766"}],"collection":[{"href":"https:\/\/baleines-forillon.com\/fr\/wp-json\/wp\/v2\/pages"}],"about":[{"href":"https:\/\/baleines-forillon.com\/fr\/wp-json\/wp\/v2\/types\/page"}],"author":[{"embeddable":true,"href":"https:\/\/baleines-forillon.com\/fr\/wp-json\/wp\/v2\/users\/1"}],"replies":[{"embeddable":true,"href":"https:\/\/baleines-forillon.com\/fr\/wp-json\/wp\/v2\/comments?post=766"}],"version-history":[{"count":1,"href":"https:\/\/baleines-forillon.com\/fr\/wp-json\/wp\/v2\/pages\/766\/revisions"}],"predecessor-version":[{"id":767,"href":"https:\/\/baleines-forillon.com\/fr\/wp-json\/wp\/v2\/pages\/766\/revisions\/767"}],"wp:attachment":[{"href":"https:\/\/baleines-forillon.com\/fr\/wp-json\/wp\/v2\/media?parent=766"}],"curies":[{"name":"wp","href":"https:\/\/api.w.org\/{rel}","templated":true}]}}