{"id":618,"date":"2016-06-04T23:20:49","date_gmt":"2016-06-05T03:20:49","guid":{"rendered":"https:\/\/baleine-gaspe-www.jolidev\/fr\/?page_id=618"},"modified":"2026-01-16T21:02:00","modified_gmt":"2026-01-17T02:02:00","slug":"informations-importantes","status":"publish","type":"page","link":"https:\/\/baleines-forillon.com\/fr\/informations-importantes\/","title":{"rendered":"Informations importantes et foire aux questions"},"content":{"rendered":"<p><img loading=\"lazy\" decoding=\"async\" src=\"\/wp-content\/uploads\/2016\/05\/joinourcruise.png\" alt=\"Des habits de pluie pour toutes les tailles \" width=\"300\" height=\"236\" \/><\/p>\n<p><strong><span style=\"font-size: 14pt;\">Informations importantes<\/span><\/strong><\/p>\n<ul>\n<li>Du 19 juin au 7 septembre 2026 inclusivement, les utilisateurs du service de croisi\u00e8re ne sont pas tenus de payer les droits d\u2019entr\u00e9e au parc national de Forillon.<\/li>\n<li>Un minimum de 6 clients adulte est requis \u00e0 bord du Narval 111 pour un d\u00e9part.<\/li>\n<li>Un minimum de 4 clients adulte est requis \u00e0 bord du Rocher Le Vieux pour un d\u00e9part en horaire r\u00e9gulier et 8 clients adulte en location.<\/li>\n<li>Il faut se pr\u00e9senter \u00e0 notre billetterie 30 minutes avant l\u2019heure d\u2019embarquement pr\u00e9vu pour r\u00e9cup\u00e9rer votre billet.<\/li>\n<li>Si vous r\u00e9servez pour une famille \u00e0 bord du \u00a0Narval 111 et que vous avez un enfant de 2 ans et moins (gratuit), vous devez aussi r\u00e9server pour lui car c&rsquo;est un passager en vertu de la loi maritime.<\/li>\n<li>Les croisi\u00e8res s&rsquo;effectuent beau temps mauvais temps.<\/li>\n<li>Si la croisi\u00e8re est annul\u00e9e en cas de temp\u00eate de vent ou de brume \u00e9paisse nous remboursons 100% de la r\u00e9servation. Si le client le d\u00e9sire, il peut prendre une nouvelle r\u00e9servation selon les disponibilit\u00e9s des prochains d\u00e9parts.<\/li>\n<li>Nous fournissons les imperm\u00e9ables gratuitement ou en vendons \u00e0 notre billetterie pour les clients qui en veulent des neufs.<\/li>\n<li>SVP, habillez-vous chaudement, (pantalons longs, souliers ferm\u00e9s, deux \u00e9paisseurs chaudes et un imperm\u00e9able par-dessus) et ce, m\u00eame s&rsquo;il fait beau.<\/li>\n<li>Il se peut que vos souliers se mouillent durant la croisi\u00e8re, planifiez des chaussures imperm\u00e9ables si possible.<\/li>\n<li>La croisi\u00e8re dure environ\u00a02h30.<\/li>\n<li>Appliquez votre cr\u00e8me solaire!<\/li>\n<li>Les animaux de compagnie ne sont pas admis \u00e0 bord sauf exception pour les chiens guide avec certification. Acc\u00e8s au pont arri\u00e8re seulement pour le client (debout).<\/li>\n<\/ul>\n<p><span style=\"font-size: 14pt;\"><strong>Foire aux questions<\/strong><\/span><\/p>\n<p><strong>Il y a-t-il un meilleur moment pour l\u2019observation des baleines ?<\/strong><\/p>\n<p>Comme les baleines sont des mammif\u00e8res marins , elles doivent obligatoirement venir respirer \u00e0 la surface de l\u2019eau , \u00e0 tous les 8 minutes en moyenne , et ce\u00a0 24 heures sur 24.Cependant lorsque les conditions maritimes sont bonnes\u00a0 (peu ou pas de vent) , c\u2019est plus facile de rep\u00e9rer les baleines et de naviguer pour les rejoindre. En g\u00e9n\u00e9ral (mais pas toujours) c\u2019est sur le premier d\u00e9part du matin qu\u2019il y a moins de vent et des conditions optimums.<\/p>\n","protected":false},"excerpt":{"rendered":"<p>Informations importantes Du 19 juin au 7 septembre 2026 inclusivement, les utilisateurs du service de croisi\u00e8re ne sont pas tenus de payer les droits d\u2019entr\u00e9e au parc national de Forillon. Un minimum de 6 clients adulte est requis \u00e0 bord du Narval 111 pour un d\u00e9part. Un minimum de 4 clients adulte est requis \u00e0 [&hellip;]<\/p>\n","protected":false},"author":1,"featured_media":0,"parent":0,"menu_order":0,"comment_status":"closed","ping_status":"closed","template":"","meta":{"_acf_changed":false,"_genesis_hide_title":false,"_genesis_hide_breadcrumbs":false,"_genesis_hide_singular_image":false,"_genesis_hide_footer_widgets":false,"_genesis_custom_body_class":"","_genesis_custom_post_class":"","_genesis_layout":"","footnotes":""},"yoast_head":"<!-- This site is optimized with the Yoast SEO plugin v22.5 - https:\/\/yoast.com\/wordpress\/plugins\/seo\/ -->\n<title>Informations importantes et foire aux questions - Baleines Forillon<\/title>\n<meta name=\"robots\" content=\"index, follow, max-snippet:-1, max-image-preview:large, max-video-preview:-1\" \/>\n<link rel=\"canonical\" href=\"http:\/\/www.dev.baleines-forillon.jolistage.com\/fr\/informations-importantes\/\" \/>\n<meta property=\"og:locale\" content=\"fr_CA\" \/>\n<meta property=\"og:type\" content=\"article\" \/>\n<meta property=\"og:title\" content=\"Informations importantes et foire aux questions - Baleines Forillon\" \/>\n<meta property=\"og:description\" content=\"Informations importantes Du 19 juin au 7 septembre 2026 inclusivement, les utilisateurs du service de croisi\u00e8re ne sont pas tenus de payer les droits d\u2019entr\u00e9e au parc national de Forillon. Un minimum de 6 clients adulte est requis \u00e0 bord du Narval 111 pour un d\u00e9part. Un minimum de 4 clients adulte est requis \u00e0 [&hellip;]\" \/>\n<meta property=\"og:url\" content=\"http:\/\/www.dev.baleines-forillon.jolistage.com\/fr\/informations-importantes\/\" \/>\n<meta property=\"og:site_name\" content=\"Baleines Forillon\" \/>\n<meta property=\"article:modified_time\" content=\"2026-01-17T02:02:00+00:00\" \/>\n<meta name=\"twitter:card\" content=\"summary_large_image\" \/>\n<meta name=\"twitter:label1\" content=\"Estimation du temps de lecture\" \/>\n\t<meta name=\"twitter:data1\" content=\"3 minutes\" \/>\n<script type=\"application\/ld+json\" class=\"yoast-schema-graph\">{\"@context\":\"https:\/\/schema.org\",\"@graph\":[{\"@type\":\"WebPage\",\"@id\":\"http:\/\/www.dev.baleines-forillon.jolistage.com\/fr\/informations-importantes\/\",\"url\":\"http:\/\/www.dev.baleines-forillon.jolistage.com\/fr\/informations-importantes\/\",\"name\":\"Informations importantes et foire aux questions - Baleines Forillon\",\"isPartOf\":{\"@id\":\"https:\/\/baleines-forillon.com\/fr\/#website\"},\"datePublished\":\"2016-06-05T03:20:49+00:00\",\"dateModified\":\"2026-01-17T02:02:00+00:00\",\"breadcrumb\":{\"@id\":\"http:\/\/www.dev.baleines-forillon.jolistage.com\/fr\/informations-importantes\/#breadcrumb\"},\"inLanguage\":\"fr-CA\",\"potentialAction\":[{\"@type\":\"ReadAction\",\"target\":[\"http:\/\/www.dev.baleines-forillon.jolistage.com\/fr\/informations-importantes\/\"]}]},{\"@type\":\"BreadcrumbList\",\"@id\":\"http:\/\/www.dev.baleines-forillon.jolistage.com\/fr\/informations-importantes\/#breadcrumb\",\"itemListElement\":[{\"@type\":\"ListItem\",\"position\":1,\"name\":\"Home\",\"item\":\"https:\/\/www.baleines-forillon.com\/fr\/\"},{\"@type\":\"ListItem\",\"position\":2,\"name\":\"Informations importantes et foire aux questions\"}]},{\"@type\":\"WebSite\",\"@id\":\"https:\/\/baleines-forillon.com\/fr\/#website\",\"url\":\"https:\/\/baleines-forillon.com\/fr\/\",\"name\":\"Baleines Forillon\",\"description\":\"Observation de baleines au parc national Forillon | Whale-watching Cruise in Forillon National Park\",\"potentialAction\":[{\"@type\":\"SearchAction\",\"target\":{\"@type\":\"EntryPoint\",\"urlTemplate\":\"https:\/\/baleines-forillon.com\/fr\/?s={search_term_string}\"},\"query-input\":\"required name=search_term_string\"}],\"inLanguage\":\"fr-CA\"}]}<\/script>\n<!-- \/ Yoast SEO plugin. -->","yoast_head_json":{"title":"Informations importantes et foire aux questions - Baleines Forillon","robots":{"index":"index","follow":"follow","max-snippet":"max-snippet:-1","max-image-preview":"max-image-preview:large","max-video-preview":"max-video-preview:-1"},"canonical":"http:\/\/www.dev.baleines-forillon.jolistage.com\/fr\/informations-importantes\/","og_locale":"fr_CA","og_type":"article","og_title":"Informations importantes et foire aux questions - Baleines Forillon","og_description":"Informations importantes Du 19 juin au 7 septembre 2026 inclusivement, les utilisateurs du service de croisi\u00e8re ne sont pas tenus de payer les droits d\u2019entr\u00e9e au parc national de Forillon. Un minimum de 6 clients adulte est requis \u00e0 bord du Narval 111 pour un d\u00e9part. Un minimum de 4 clients adulte est requis \u00e0 [&hellip;]","og_url":"http:\/\/www.dev.baleines-forillon.jolistage.com\/fr\/informations-importantes\/","og_site_name":"Baleines Forillon","article_modified_time":"2026-01-17T02:02:00+00:00","twitter_card":"summary_large_image","twitter_misc":{"Estimation du temps de lecture":"3 minutes"},"schema":{"@context":"https:\/\/schema.org","@graph":[{"@type":"WebPage","@id":"http:\/\/www.dev.baleines-forillon.jolistage.com\/fr\/informations-importantes\/","url":"http:\/\/www.dev.baleines-forillon.jolistage.com\/fr\/informations-importantes\/","name":"Informations importantes et foire aux questions - Baleines Forillon","isPartOf":{"@id":"https:\/\/baleines-forillon.com\/fr\/#website"},"datePublished":"2016-06-05T03:20:49+00:00","dateModified":"2026-01-17T02:02:00+00:00","breadcrumb":{"@id":"http:\/\/www.dev.baleines-forillon.jolistage.com\/fr\/informations-importantes\/#breadcrumb"},"inLanguage":"fr-CA","potentialAction":[{"@type":"ReadAction","target":["http:\/\/www.dev.baleines-forillon.jolistage.com\/fr\/informations-importantes\/"]}]},{"@type":"BreadcrumbList","@id":"http:\/\/www.dev.baleines-forillon.jolistage.com\/fr\/informations-importantes\/#breadcrumb","itemListElement":[{"@type":"ListItem","position":1,"name":"Home","item":"https:\/\/www.baleines-forillon.com\/fr\/"},{"@type":"ListItem","position":2,"name":"Informations importantes et foire aux questions"}]},{"@type":"WebSite","@id":"https:\/\/baleines-forillon.com\/fr\/#website","url":"https:\/\/baleines-forillon.com\/fr\/","name":"Baleines Forillon","description":"Observation de baleines au parc national Forillon | Whale-watching Cruise in Forillon National Park","potentialAction":[{"@type":"SearchAction","target":{"@type":"EntryPoint","urlTemplate":"https:\/\/baleines-forillon.com\/fr\/?s={search_term_string}"},"query-input":"required name=search_term_string"}],"inLanguage":"fr-CA"}]}},"acf":[],"_links":{"self":[{"href":"https:\/\/baleines-forillon.com\/fr\/wp-json\/wp\/v2\/pages\/618"}],"collection":[{"href":"https:\/\/baleines-forillon.com\/fr\/wp-json\/wp\/v2\/pages"}],"about":[{"href":"https:\/\/baleines-forillon.com\/fr\/wp-json\/wp\/v2\/types\/page"}],"author":[{"embeddable":true,"href":"https:\/\/baleines-forillon.com\/fr\/wp-json\/wp\/v2\/users\/1"}],"replies":[{"embeddable":true,"href":"https:\/\/baleines-forillon.com\/fr\/wp-json\/wp\/v2\/comments?post=618"}],"version-history":[{"count":38,"href":"https:\/\/baleines-forillon.com\/fr\/wp-json\/wp\/v2\/pages\/618\/revisions"}],"predecessor-version":[{"id":33919,"href":"https:\/\/baleines-forillon.com\/fr\/wp-json\/wp\/v2\/pages\/618\/revisions\/33919"}],"wp:attachment":[{"href":"https:\/\/baleines-forillon.com\/fr\/wp-json\/wp\/v2\/media?parent=618"}],"curies":[{"name":"wp","href":"https:\/\/api.w.org\/{rel}","templated":true}]}}