{"id":342,"date":"2016-05-21T18:05:21","date_gmt":"2016-05-21T22:05:21","guid":{"rendered":"http:\/\/baleine-gaspe-www.jolidev\/fr\/?page_id=342"},"modified":"2022-04-07T09:11:49","modified_gmt":"2022-04-07T13:11:49","slug":"comment-reserver","status":"publish","type":"page","link":"https:\/\/baleines-forillon.com\/fr\/comment-reserver\/","title":{"rendered":"Comment r\u00e9server"},"content":{"rendered":"<p><strong>Nous vous conseillons de r\u00e9server \u00e0 l&rsquo;avance (carte de cr\u00e9dit n\u00e9cessaire).<\/strong><\/p>\n<h2>\u00c0 notre billetterie<\/h2>\n<p>Il n\u2019y a aucuns frais de r\u00e9servation. Cependant, il est fortement recommand\u00e9 de r\u00e9server pr\u00e9alablement vos croisi\u00e8res.<\/p>\n<p>&nbsp;<\/p>\n<h2><strong>R\u00e9servation Web <\/strong><\/h2>\n<p><strong><a class=\"\" href=\"https:\/\/baleines-forillon.com\/fr\/billetterie\/\" target=\"\" rel=\"noopener noreferrer\">Cliquez ici pour r\u00e9server en ligne<\/a><\/strong><\/p>\n<p>La totalit\u00e9 de la facture sera d\u00e9bit\u00e9e sur la carte de cr\u00e9dit que vous inscrirez au dossier, au terme du processus de r\u00e9servation.<br \/>\n*Frais de r\u00e9servation en ligne : 2.50 $ par billet payant.<\/p>\n<p><strong>Si vous devez annuler votre r\u00e9servation Web voici la proc\u00e9dure\u00a0:<\/strong><\/p>\n<p>Aller dans ma commande (sous l\u2019onglet billetterie) et entrer votre num\u00e9ro de commande re\u00e7u lors de la r\u00e9servation ainsi que le code postal que vous aviez inscrit.<\/p>\n<p>Proc\u00e9dez \u00e0 l\u2019annulation de votre commande.<\/p>\n<p><strong>Note\u00a0:<\/strong> Pour les annulations de r\u00e9servation\u00a0<strong>de plus de 24 heures<\/strong>\u00a0avant le d\u00e9but de la croisi\u00e8re seulement.<\/p>\n<p>&nbsp;<\/p>\n<h2>R\u00e9servation t\u00e9l\u00e9phonique<\/h2>\n<p>La totalit\u00e9 de la facture sera d\u00e9bit\u00e9e sur une carte de cr\u00e9dit au moment de la r\u00e9servation.<br \/>\n*Frais de r\u00e9servation t\u00e9l\u00e9phonique : 5 $ par billet payant.<\/p>\n<p>Par t\u00e9l\u00e9phone au 418-892-5500 ou sans frais 1-866-617-5500 (Canada seulement)<\/p>\n<p><strong>Si vous devez annuler votre r\u00e9servation t\u00e9l\u00e9phonique il faut communiquer avec nous au 418-892-5500.<\/strong><\/p>\n<p>&nbsp;<\/p>\n<h2><strong>Politique d&rsquo;annulation<\/strong><\/h2>\n<p>Pour toute annulation de r\u00e9servation de moins de 24 heures avant le d\u00e9but de la croisi\u00e8re, le client devra payer la totalit\u00e9 des frais.<\/p>\n<p><a class=\"\" href=\"https:\/\/baleines-forillon.com\/fr\/conditions-generales-de-vente\/\" target=\"\" rel=\"noopener noreferrer\">Consultez les conditions g\u00e9n\u00e9rales de vente et la politique d&rsquo;annulation<\/a><\/p>\n<p><a href=\"https:\/\/baleines-forillon.com\/fr\/horaire-et-tarifs\/\">Consultez notre horaire et nos tarifs.<\/a><\/p>\n<h3><strong><img loading=\"lazy\" decoding=\"async\" class=\"alignleft wp-image-1091 size-full\" src=\"https:\/\/baleines-forillon.com\/wp-content\/uploads\/2016\/05\/finwhale.png\" alt=\"finwhale\" width=\"1000\" height=\"426\" srcset=\"https:\/\/baleines-forillon.com\/wp-content\/uploads\/2016\/05\/finwhale.png 1000w, https:\/\/baleines-forillon.com\/wp-content\/uploads\/2016\/05\/finwhale-600x256.png 600w, https:\/\/baleines-forillon.com\/wp-content\/uploads\/2016\/05\/finwhale-300x128.png 300w, https:\/\/baleines-forillon.com\/wp-content\/uploads\/2016\/05\/finwhale-768x327.png 768w\" sizes=\"(max-width: 1000px) 100vw, 1000px\" \/><\/strong><\/h3>\n","protected":false},"excerpt":{"rendered":"<p>Nous vous conseillons de r\u00e9server \u00e0 l&rsquo;avance (carte de cr\u00e9dit n\u00e9cessaire). \u00c0 notre billetterie Il n\u2019y a aucuns frais de r\u00e9servation. Cependant, il est fortement recommand\u00e9 de r\u00e9server pr\u00e9alablement vos croisi\u00e8res. &nbsp; R\u00e9servation Web Cliquez ici pour r\u00e9server en ligne La totalit\u00e9 de la facture sera d\u00e9bit\u00e9e sur la carte de cr\u00e9dit que vous inscrirez [&hellip;]<\/p>\n","protected":false},"author":1,"featured_media":0,"parent":0,"menu_order":0,"comment_status":"closed","ping_status":"closed","template":"","meta":{"_acf_changed":false,"_genesis_hide_title":false,"_genesis_hide_breadcrumbs":false,"_genesis_hide_singular_image":false,"_genesis_hide_footer_widgets":false,"_genesis_custom_body_class":"","_genesis_custom_post_class":"","_genesis_layout":"","footnotes":""},"yoast_head":"<!-- This site is optimized with the Yoast SEO plugin v22.5 - https:\/\/yoast.com\/wordpress\/plugins\/seo\/ -->\n<title>Comment r\u00e9server - Baleines Forillon<\/title>\n<meta name=\"robots\" content=\"index, follow, max-snippet:-1, max-image-preview:large, max-video-preview:-1\" \/>\n<link rel=\"canonical\" href=\"http:\/\/www.dev.baleines-forillon.jolistage.com\/fr\/comment-reserver\/\" \/>\n<meta property=\"og:locale\" content=\"fr_CA\" \/>\n<meta property=\"og:type\" content=\"article\" \/>\n<meta property=\"og:title\" content=\"Comment r\u00e9server - Baleines Forillon\" \/>\n<meta property=\"og:description\" content=\"Nous vous conseillons de r\u00e9server \u00e0 l&rsquo;avance (carte de cr\u00e9dit n\u00e9cessaire). \u00c0 notre billetterie Il n\u2019y a aucuns frais de r\u00e9servation. Cependant, il est fortement recommand\u00e9 de r\u00e9server pr\u00e9alablement vos croisi\u00e8res. &nbsp; R\u00e9servation Web Cliquez ici pour r\u00e9server en ligne La totalit\u00e9 de la facture sera d\u00e9bit\u00e9e sur la carte de cr\u00e9dit que vous inscrirez [&hellip;]\" \/>\n<meta property=\"og:url\" content=\"http:\/\/www.dev.baleines-forillon.jolistage.com\/fr\/comment-reserver\/\" \/>\n<meta property=\"og:site_name\" content=\"Baleines Forillon\" \/>\n<meta property=\"article:modified_time\" content=\"2022-04-07T13:11:49+00:00\" \/>\n<meta property=\"og:image\" content=\"https:\/\/baleines-forillon.com\/wp-content\/uploads\/2016\/05\/finwhale.png\" \/>\n<meta name=\"twitter:card\" content=\"summary_large_image\" \/>\n<meta name=\"twitter:label1\" content=\"Estimation du temps de lecture\" \/>\n\t<meta name=\"twitter:data1\" content=\"2 minutes\" \/>\n<script type=\"application\/ld+json\" class=\"yoast-schema-graph\">{\"@context\":\"https:\/\/schema.org\",\"@graph\":[{\"@type\":\"WebPage\",\"@id\":\"http:\/\/www.dev.baleines-forillon.jolistage.com\/fr\/comment-reserver\/\",\"url\":\"http:\/\/www.dev.baleines-forillon.jolistage.com\/fr\/comment-reserver\/\",\"name\":\"Comment r\u00e9server - Baleines Forillon\",\"isPartOf\":{\"@id\":\"https:\/\/baleines-forillon.com\/fr\/#website\"},\"primaryImageOfPage\":{\"@id\":\"http:\/\/www.dev.baleines-forillon.jolistage.com\/fr\/comment-reserver\/#primaryimage\"},\"image\":{\"@id\":\"http:\/\/www.dev.baleines-forillon.jolistage.com\/fr\/comment-reserver\/#primaryimage\"},\"thumbnailUrl\":\"https:\/\/baleines-forillon.com\/wp-content\/uploads\/2016\/05\/finwhale.png\",\"datePublished\":\"2016-05-21T22:05:21+00:00\",\"dateModified\":\"2022-04-07T13:11:49+00:00\",\"breadcrumb\":{\"@id\":\"http:\/\/www.dev.baleines-forillon.jolistage.com\/fr\/comment-reserver\/#breadcrumb\"},\"inLanguage\":\"fr-CA\",\"potentialAction\":[{\"@type\":\"ReadAction\",\"target\":[\"http:\/\/www.dev.baleines-forillon.jolistage.com\/fr\/comment-reserver\/\"]}]},{\"@type\":\"ImageObject\",\"inLanguage\":\"fr-CA\",\"@id\":\"http:\/\/www.dev.baleines-forillon.jolistage.com\/fr\/comment-reserver\/#primaryimage\",\"url\":\"https:\/\/baleines-forillon.com\/wp-content\/uploads\/2016\/05\/finwhale.png\",\"contentUrl\":\"https:\/\/baleines-forillon.com\/wp-content\/uploads\/2016\/05\/finwhale.png\"},{\"@type\":\"BreadcrumbList\",\"@id\":\"http:\/\/www.dev.baleines-forillon.jolistage.com\/fr\/comment-reserver\/#breadcrumb\",\"itemListElement\":[{\"@type\":\"ListItem\",\"position\":1,\"name\":\"Home\",\"item\":\"https:\/\/www.baleines-forillon.com\/fr\/\"},{\"@type\":\"ListItem\",\"position\":2,\"name\":\"Comment r\u00e9server\"}]},{\"@type\":\"WebSite\",\"@id\":\"https:\/\/baleines-forillon.com\/fr\/#website\",\"url\":\"https:\/\/baleines-forillon.com\/fr\/\",\"name\":\"Baleines Forillon\",\"description\":\"Observation de baleines au parc national Forillon | Whale-watching Cruise in Forillon National Park\",\"potentialAction\":[{\"@type\":\"SearchAction\",\"target\":{\"@type\":\"EntryPoint\",\"urlTemplate\":\"https:\/\/baleines-forillon.com\/fr\/?s={search_term_string}\"},\"query-input\":\"required name=search_term_string\"}],\"inLanguage\":\"fr-CA\"}]}<\/script>\n<!-- \/ Yoast SEO plugin. -->","yoast_head_json":{"title":"Comment r\u00e9server - Baleines Forillon","robots":{"index":"index","follow":"follow","max-snippet":"max-snippet:-1","max-image-preview":"max-image-preview:large","max-video-preview":"max-video-preview:-1"},"canonical":"http:\/\/www.dev.baleines-forillon.jolistage.com\/fr\/comment-reserver\/","og_locale":"fr_CA","og_type":"article","og_title":"Comment r\u00e9server - Baleines Forillon","og_description":"Nous vous conseillons de r\u00e9server \u00e0 l&rsquo;avance (carte de cr\u00e9dit n\u00e9cessaire). \u00c0 notre billetterie Il n\u2019y a aucuns frais de r\u00e9servation. Cependant, il est fortement recommand\u00e9 de r\u00e9server pr\u00e9alablement vos croisi\u00e8res. &nbsp; R\u00e9servation Web Cliquez ici pour r\u00e9server en ligne La totalit\u00e9 de la facture sera d\u00e9bit\u00e9e sur la carte de cr\u00e9dit que vous inscrirez [&hellip;]","og_url":"http:\/\/www.dev.baleines-forillon.jolistage.com\/fr\/comment-reserver\/","og_site_name":"Baleines Forillon","article_modified_time":"2022-04-07T13:11:49+00:00","og_image":[{"url":"https:\/\/baleines-forillon.com\/wp-content\/uploads\/2016\/05\/finwhale.png"}],"twitter_card":"summary_large_image","twitter_misc":{"Estimation du temps de lecture":"2 minutes"},"schema":{"@context":"https:\/\/schema.org","@graph":[{"@type":"WebPage","@id":"http:\/\/www.dev.baleines-forillon.jolistage.com\/fr\/comment-reserver\/","url":"http:\/\/www.dev.baleines-forillon.jolistage.com\/fr\/comment-reserver\/","name":"Comment r\u00e9server - Baleines Forillon","isPartOf":{"@id":"https:\/\/baleines-forillon.com\/fr\/#website"},"primaryImageOfPage":{"@id":"http:\/\/www.dev.baleines-forillon.jolistage.com\/fr\/comment-reserver\/#primaryimage"},"image":{"@id":"http:\/\/www.dev.baleines-forillon.jolistage.com\/fr\/comment-reserver\/#primaryimage"},"thumbnailUrl":"https:\/\/baleines-forillon.com\/wp-content\/uploads\/2016\/05\/finwhale.png","datePublished":"2016-05-21T22:05:21+00:00","dateModified":"2022-04-07T13:11:49+00:00","breadcrumb":{"@id":"http:\/\/www.dev.baleines-forillon.jolistage.com\/fr\/comment-reserver\/#breadcrumb"},"inLanguage":"fr-CA","potentialAction":[{"@type":"ReadAction","target":["http:\/\/www.dev.baleines-forillon.jolistage.com\/fr\/comment-reserver\/"]}]},{"@type":"ImageObject","inLanguage":"fr-CA","@id":"http:\/\/www.dev.baleines-forillon.jolistage.com\/fr\/comment-reserver\/#primaryimage","url":"https:\/\/baleines-forillon.com\/wp-content\/uploads\/2016\/05\/finwhale.png","contentUrl":"https:\/\/baleines-forillon.com\/wp-content\/uploads\/2016\/05\/finwhale.png"},{"@type":"BreadcrumbList","@id":"http:\/\/www.dev.baleines-forillon.jolistage.com\/fr\/comment-reserver\/#breadcrumb","itemListElement":[{"@type":"ListItem","position":1,"name":"Home","item":"https:\/\/www.baleines-forillon.com\/fr\/"},{"@type":"ListItem","position":2,"name":"Comment r\u00e9server"}]},{"@type":"WebSite","@id":"https:\/\/baleines-forillon.com\/fr\/#website","url":"https:\/\/baleines-forillon.com\/fr\/","name":"Baleines Forillon","description":"Observation de baleines au parc national Forillon | Whale-watching Cruise in Forillon National Park","potentialAction":[{"@type":"SearchAction","target":{"@type":"EntryPoint","urlTemplate":"https:\/\/baleines-forillon.com\/fr\/?s={search_term_string}"},"query-input":"required name=search_term_string"}],"inLanguage":"fr-CA"}]}},"acf":[],"_links":{"self":[{"href":"https:\/\/baleines-forillon.com\/fr\/wp-json\/wp\/v2\/pages\/342"}],"collection":[{"href":"https:\/\/baleines-forillon.com\/fr\/wp-json\/wp\/v2\/pages"}],"about":[{"href":"https:\/\/baleines-forillon.com\/fr\/wp-json\/wp\/v2\/types\/page"}],"author":[{"embeddable":true,"href":"https:\/\/baleines-forillon.com\/fr\/wp-json\/wp\/v2\/users\/1"}],"replies":[{"embeddable":true,"href":"https:\/\/baleines-forillon.com\/fr\/wp-json\/wp\/v2\/comments?post=342"}],"version-history":[{"count":17,"href":"https:\/\/baleines-forillon.com\/fr\/wp-json\/wp\/v2\/pages\/342\/revisions"}],"predecessor-version":[{"id":13320,"href":"https:\/\/baleines-forillon.com\/fr\/wp-json\/wp\/v2\/pages\/342\/revisions\/13320"}],"wp:attachment":[{"href":"https:\/\/baleines-forillon.com\/fr\/wp-json\/wp\/v2\/media?parent=342"}],"curies":[{"name":"wp","href":"https:\/\/api.w.org\/{rel}","templated":true}]}}