{"id":13369,"date":"2022-04-13T09:07:50","date_gmt":"2022-04-13T13:07:50","guid":{"rendered":"https:\/\/baleines-forillon.com\/?page_id=13369"},"modified":"2022-04-13T09:51:58","modified_gmt":"2022-04-13T13:51:58","slug":"pourquoi-choisir-les-croisieres-baie-de-gaspe","status":"publish","type":"page","link":"https:\/\/baleines-forillon.com\/fr\/pourquoi-choisir-les-croisieres-baie-de-gaspe\/","title":{"rendered":"Pourquoi choisir les Croisi\u00e8res Baie&nbsp;de&nbsp;Gasp\u00e9 ?"},"content":{"rendered":"\n<p>Nous sommes une \u00e9quipe de professionnels passionn\u00e9s \u00e0 votre service depuis plus de 25 ans.<\/p>\n<p>\u00c9tant concessionnaire, les Croisi\u00e8res Baie de Gasp\u00e9 est la seule compagnie autoris\u00e9e \u00e0 op\u00e9rer un service d\u2019excursion aux baleines au parc national Forillon. De fa\u00e7on unique, presqu\u2019exclusive, Forillon vous permet une vraie intimit\u00e9 avec les baleines sans avoir \u00e0 subir l\u2019achalandage de nombreux autres bateaux.<\/p>\n<div id=\"attachment_1391\" style=\"width: 310px\" class=\"wp-caption alignleft\"><img fetchpriority=\"high\" decoding=\"async\" aria-describedby=\"caption-attachment-1391\" src=\"https:\/\/baleines-forillon.com\/wp-content\/uploads\/2017\/12\/IMG_7452-300x169.jpg\" alt=\"\" width=\"300\" height=\"169\" \/><p id=\"caption-attachment-1391\" class=\"wp-caption-text\">Photo Ren\u00e9 Roy<\/p><\/div>\n<div id=\"attachment_906\" style=\"width: 310px\" class=\"wp-caption alignleft\"><img decoding=\"async\" aria-describedby=\"caption-attachment-906\" src=\"https:\/\/baleines-forillon.com\/wp-content\/uploads\/2016\/10\/photo-denis-roy-003-300x201.jpg\" alt=\"Le Vieux par Denis Roy\" width=\"300\" height=\"201\" \/><p id=\"caption-attachment-906\" class=\"wp-caption-text\">Photo Denis Roy<\/p><\/div>\n<p>Grande-Grave, le lieu de d\u00e9part de nos croisi\u00e8res est un emplacement strat\u00e9gique pour l\u2019observation des baleines. Parmi toutes les compagnies d\u2019excursion au Qu\u00e9bec, nous sommes la plus pr\u00e8s des secteurs fr\u00e9quent\u00e9s r\u00e9guli\u00e8rement par ces grands mammif\u00e8res marins. En g\u00e9n\u00e9ral, nous n\u2019avons pas \u00e0 couvrir de grande distance pour rep\u00e9rer les baleines. Cette proximit\u00e9 permet aux clients un temps d\u2019observations plus long.<\/p>\n<p>\u00c0 la suite d\u2019une entente avec P\u00eaches et Oc\u00e9ans Canada nous pouvons aller observer les baleines dans la zone de protection marine du Bancs-des-Am\u00e9ricains.<\/p>\n<p>Nos capitaines exp\u00e9riment\u00e9s ont des brevets plus \u00e9lev\u00e9s que les normes exig\u00e9es par Transport Canada.<\/p>\n<p>L\u2019interpr\u00e9tation \u00e0 bord du navire est assur\u00e9e par des guides-interpr\u00e8tes professionnels et notre sc\u00e9nario d\u2019interpr\u00e9tation est approuv\u00e9 par Parcs Canada.<\/p>\n<div id=\"attachment_913\" style=\"width: 310px\" class=\"wp-caption alignleft\"><img decoding=\"async\" aria-describedby=\"caption-attachment-913\" src=\"https:\/\/baleines-forillon.com\/wp-content\/uploads\/2016\/10\/Une-baleine-bleue-dans-la-baie-de-Gaspedit-photo-Oktay-Kaya-300x198.jpg\" alt=\"Rorqual bleu par Oktay Kaya\" width=\"300\" height=\"198\" \/><p id=\"caption-attachment-913\" class=\"wp-caption-text\">Photo Oktay Kaya<\/p><\/div>\n<p>\u00c0 tous les matins, un membre du personnel des Croisi\u00e8res Baie de Gasp\u00e9 rep\u00e8re les baleines \u00e0 partir de la c\u00f4te avec des lunettes d\u2019approche. Ce rep\u00e9rage fait souvent toute la diff\u00e9rence car cela nous donne une bonne id\u00e9e de la r\u00e9partition des baleines dans le secteur de Forillon.<\/p>\n","protected":false},"excerpt":{"rendered":"<p>Nous sommes une \u00e9quipe de professionnels passionn\u00e9s \u00e0 votre service depuis plus de 25 ans. \u00c9tant concessionnaire, les Croisi\u00e8res Baie de Gasp\u00e9 est la seule compagnie autoris\u00e9e \u00e0 op\u00e9rer un service d\u2019excursion aux baleines au parc national Forillon. De fa\u00e7on unique, presqu\u2019exclusive, Forillon vous permet une vraie intimit\u00e9 avec les baleines sans avoir \u00e0 subir [&hellip;]<\/p>\n","protected":false},"author":4,"featured_media":0,"parent":0,"menu_order":0,"comment_status":"closed","ping_status":"closed","template":"","meta":{"_acf_changed":false,"_genesis_hide_title":false,"_genesis_hide_breadcrumbs":false,"_genesis_hide_singular_image":false,"_genesis_hide_footer_widgets":false,"_genesis_custom_body_class":"","_genesis_custom_post_class":"","_genesis_layout":"","footnotes":""},"class_list":{"0":"post-13369","1":"page","2":"type-page","3":"status-publish","5":"entry","6":"override"},"yoast_head":"<!-- This site is optimized with the Yoast SEO plugin v27.5 - https:\/\/yoast.com\/product\/yoast-seo-wordpress\/ -->\n<title>Pourquoi choisir les Croisi\u00e8res Baie&nbsp;de&nbsp;Gasp\u00e9 ? - Baleines Forillon<\/title>\n<meta name=\"robots\" content=\"index, follow, max-snippet:-1, max-image-preview:large, max-video-preview:-1\" \/>\n<link rel=\"canonical\" href=\"https:\/\/baleines-forillon.com\/fr\/pourquoi-choisir-les-croisieres-baie-de-gaspe\/\" \/>\n<meta property=\"og:locale\" content=\"fr_CA\" \/>\n<meta property=\"og:type\" content=\"article\" \/>\n<meta property=\"og:title\" content=\"Pourquoi choisir les Croisi\u00e8res Baie&nbsp;de&nbsp;Gasp\u00e9 ? - Baleines Forillon\" \/>\n<meta property=\"og:description\" content=\"Nous sommes une \u00e9quipe de professionnels passionn\u00e9s \u00e0 votre service depuis plus de 25 ans. \u00c9tant concessionnaire, les Croisi\u00e8res Baie de Gasp\u00e9 est la seule compagnie autoris\u00e9e \u00e0 op\u00e9rer un service d\u2019excursion aux baleines au parc national Forillon. De fa\u00e7on unique, presqu\u2019exclusive, Forillon vous permet une vraie intimit\u00e9 avec les baleines sans avoir \u00e0 subir [&hellip;]\" \/>\n<meta property=\"og:url\" content=\"https:\/\/baleines-forillon.com\/fr\/pourquoi-choisir-les-croisieres-baie-de-gaspe\/\" \/>\n<meta property=\"og:site_name\" content=\"Baleines Forillon\" \/>\n<meta property=\"article:modified_time\" content=\"2022-04-13T13:51:58+00:00\" \/>\n<meta property=\"og:image\" content=\"https:\/\/baleines-forillon.com\/wp-content\/uploads\/2017\/12\/IMG_7452-300x169.jpg\" \/>\n<meta name=\"twitter:card\" content=\"summary_large_image\" \/>\n<meta name=\"twitter:label1\" content=\"Estimation du temps de lecture\" \/>\n\t<meta name=\"twitter:data1\" content=\"1 minute\" \/>\n<script type=\"application\/ld+json\" class=\"yoast-schema-graph\">{\"@context\":\"https:\\\/\\\/schema.org\",\"@graph\":[{\"@type\":\"WebPage\",\"@id\":\"https:\\\/\\\/baleines-forillon.com\\\/fr\\\/pourquoi-choisir-les-croisieres-baie-de-gaspe\\\/\",\"url\":\"https:\\\/\\\/baleines-forillon.com\\\/fr\\\/pourquoi-choisir-les-croisieres-baie-de-gaspe\\\/\",\"name\":\"Pourquoi choisir les Croisi\u00e8res Baie&nbsp;de&nbsp;Gasp\u00e9 ? - Baleines Forillon\",\"isPartOf\":{\"@id\":\"https:\\\/\\\/baleines-forillon.com\\\/fr\\\/#website\"},\"primaryImageOfPage\":{\"@id\":\"https:\\\/\\\/baleines-forillon.com\\\/fr\\\/pourquoi-choisir-les-croisieres-baie-de-gaspe\\\/#primaryimage\"},\"image\":{\"@id\":\"https:\\\/\\\/baleines-forillon.com\\\/fr\\\/pourquoi-choisir-les-croisieres-baie-de-gaspe\\\/#primaryimage\"},\"thumbnailUrl\":\"https:\\\/\\\/baleines-forillon.com\\\/wp-content\\\/uploads\\\/2017\\\/12\\\/IMG_7452-300x169.jpg\",\"datePublished\":\"2022-04-13T13:07:50+00:00\",\"dateModified\":\"2022-04-13T13:51:58+00:00\",\"breadcrumb\":{\"@id\":\"https:\\\/\\\/baleines-forillon.com\\\/fr\\\/pourquoi-choisir-les-croisieres-baie-de-gaspe\\\/#breadcrumb\"},\"inLanguage\":\"fr-CA\",\"potentialAction\":[{\"@type\":\"ReadAction\",\"target\":[\"https:\\\/\\\/baleines-forillon.com\\\/fr\\\/pourquoi-choisir-les-croisieres-baie-de-gaspe\\\/\"]}]},{\"@type\":\"ImageObject\",\"inLanguage\":\"fr-CA\",\"@id\":\"https:\\\/\\\/baleines-forillon.com\\\/fr\\\/pourquoi-choisir-les-croisieres-baie-de-gaspe\\\/#primaryimage\",\"url\":\"https:\\\/\\\/baleines-forillon.com\\\/wp-content\\\/uploads\\\/2017\\\/12\\\/IMG_7452-300x169.jpg\",\"contentUrl\":\"https:\\\/\\\/baleines-forillon.com\\\/wp-content\\\/uploads\\\/2017\\\/12\\\/IMG_7452-300x169.jpg\"},{\"@type\":\"BreadcrumbList\",\"@id\":\"https:\\\/\\\/baleines-forillon.com\\\/fr\\\/pourquoi-choisir-les-croisieres-baie-de-gaspe\\\/#breadcrumb\",\"itemListElement\":[{\"@type\":\"ListItem\",\"position\":1,\"name\":\"Home\",\"item\":\"https:\\\/\\\/baleines-forillon.com\\\/fr\\\/\"},{\"@type\":\"ListItem\",\"position\":2,\"name\":\"Pourquoi choisir les Croisi\u00e8res Baie&nbsp;de&nbsp;Gasp\u00e9 ?\"}]},{\"@type\":\"WebSite\",\"@id\":\"https:\\\/\\\/baleines-forillon.com\\\/fr\\\/#website\",\"url\":\"https:\\\/\\\/baleines-forillon.com\\\/fr\\\/\",\"name\":\"Baleines Forillon\",\"description\":\"Observation de baleines au parc national Forillon | Whale-watching Cruise in Forillon National Park\",\"potentialAction\":[{\"@type\":\"SearchAction\",\"target\":{\"@type\":\"EntryPoint\",\"urlTemplate\":\"https:\\\/\\\/baleines-forillon.com\\\/fr\\\/?s={search_term_string}\"},\"query-input\":{\"@type\":\"PropertyValueSpecification\",\"valueRequired\":true,\"valueName\":\"search_term_string\"}}],\"inLanguage\":\"fr-CA\"}]}<\/script>\n<!-- \/ Yoast SEO plugin. -->","yoast_head_json":{"title":"Pourquoi choisir les Croisi\u00e8res Baie&nbsp;de&nbsp;Gasp\u00e9 ? - Baleines Forillon","robots":{"index":"index","follow":"follow","max-snippet":"max-snippet:-1","max-image-preview":"max-image-preview:large","max-video-preview":"max-video-preview:-1"},"canonical":"https:\/\/baleines-forillon.com\/fr\/pourquoi-choisir-les-croisieres-baie-de-gaspe\/","og_locale":"fr_CA","og_type":"article","og_title":"Pourquoi choisir les Croisi\u00e8res Baie&nbsp;de&nbsp;Gasp\u00e9 ? - Baleines Forillon","og_description":"Nous sommes une \u00e9quipe de professionnels passionn\u00e9s \u00e0 votre service depuis plus de 25 ans. \u00c9tant concessionnaire, les Croisi\u00e8res Baie de Gasp\u00e9 est la seule compagnie autoris\u00e9e \u00e0 op\u00e9rer un service d\u2019excursion aux baleines au parc national Forillon. De fa\u00e7on unique, presqu\u2019exclusive, Forillon vous permet une vraie intimit\u00e9 avec les baleines sans avoir \u00e0 subir [&hellip;]","og_url":"https:\/\/baleines-forillon.com\/fr\/pourquoi-choisir-les-croisieres-baie-de-gaspe\/","og_site_name":"Baleines Forillon","article_modified_time":"2022-04-13T13:51:58+00:00","og_image":[{"url":"https:\/\/baleines-forillon.com\/wp-content\/uploads\/2017\/12\/IMG_7452-300x169.jpg","type":"","width":"","height":""}],"twitter_card":"summary_large_image","twitter_misc":{"Estimation du temps de lecture":"1 minute"},"schema":{"@context":"https:\/\/schema.org","@graph":[{"@type":"WebPage","@id":"https:\/\/baleines-forillon.com\/fr\/pourquoi-choisir-les-croisieres-baie-de-gaspe\/","url":"https:\/\/baleines-forillon.com\/fr\/pourquoi-choisir-les-croisieres-baie-de-gaspe\/","name":"Pourquoi choisir les Croisi\u00e8res Baie&nbsp;de&nbsp;Gasp\u00e9 ? - Baleines Forillon","isPartOf":{"@id":"https:\/\/baleines-forillon.com\/fr\/#website"},"primaryImageOfPage":{"@id":"https:\/\/baleines-forillon.com\/fr\/pourquoi-choisir-les-croisieres-baie-de-gaspe\/#primaryimage"},"image":{"@id":"https:\/\/baleines-forillon.com\/fr\/pourquoi-choisir-les-croisieres-baie-de-gaspe\/#primaryimage"},"thumbnailUrl":"https:\/\/baleines-forillon.com\/wp-content\/uploads\/2017\/12\/IMG_7452-300x169.jpg","datePublished":"2022-04-13T13:07:50+00:00","dateModified":"2022-04-13T13:51:58+00:00","breadcrumb":{"@id":"https:\/\/baleines-forillon.com\/fr\/pourquoi-choisir-les-croisieres-baie-de-gaspe\/#breadcrumb"},"inLanguage":"fr-CA","potentialAction":[{"@type":"ReadAction","target":["https:\/\/baleines-forillon.com\/fr\/pourquoi-choisir-les-croisieres-baie-de-gaspe\/"]}]},{"@type":"ImageObject","inLanguage":"fr-CA","@id":"https:\/\/baleines-forillon.com\/fr\/pourquoi-choisir-les-croisieres-baie-de-gaspe\/#primaryimage","url":"https:\/\/baleines-forillon.com\/wp-content\/uploads\/2017\/12\/IMG_7452-300x169.jpg","contentUrl":"https:\/\/baleines-forillon.com\/wp-content\/uploads\/2017\/12\/IMG_7452-300x169.jpg"},{"@type":"BreadcrumbList","@id":"https:\/\/baleines-forillon.com\/fr\/pourquoi-choisir-les-croisieres-baie-de-gaspe\/#breadcrumb","itemListElement":[{"@type":"ListItem","position":1,"name":"Home","item":"https:\/\/baleines-forillon.com\/fr\/"},{"@type":"ListItem","position":2,"name":"Pourquoi choisir les Croisi\u00e8res Baie&nbsp;de&nbsp;Gasp\u00e9 ?"}]},{"@type":"WebSite","@id":"https:\/\/baleines-forillon.com\/fr\/#website","url":"https:\/\/baleines-forillon.com\/fr\/","name":"Baleines Forillon","description":"Observation de baleines au parc national Forillon | Whale-watching Cruise in Forillon National Park","potentialAction":[{"@type":"SearchAction","target":{"@type":"EntryPoint","urlTemplate":"https:\/\/baleines-forillon.com\/fr\/?s={search_term_string}"},"query-input":{"@type":"PropertyValueSpecification","valueRequired":true,"valueName":"search_term_string"}}],"inLanguage":"fr-CA"}]}},"acf":[],"_links":{"self":[{"href":"https:\/\/baleines-forillon.com\/fr\/wp-json\/wp\/v2\/pages\/13369","targetHints":{"allow":["GET"]}}],"collection":[{"href":"https:\/\/baleines-forillon.com\/fr\/wp-json\/wp\/v2\/pages"}],"about":[{"href":"https:\/\/baleines-forillon.com\/fr\/wp-json\/wp\/v2\/types\/page"}],"author":[{"embeddable":true,"href":"https:\/\/baleines-forillon.com\/fr\/wp-json\/wp\/v2\/users\/4"}],"replies":[{"embeddable":true,"href":"https:\/\/baleines-forillon.com\/fr\/wp-json\/wp\/v2\/comments?post=13369"}],"version-history":[{"count":9,"href":"https:\/\/baleines-forillon.com\/fr\/wp-json\/wp\/v2\/pages\/13369\/revisions"}],"predecessor-version":[{"id":13391,"href":"https:\/\/baleines-forillon.com\/fr\/wp-json\/wp\/v2\/pages\/13369\/revisions\/13391"}],"wp:attachment":[{"href":"https:\/\/baleines-forillon.com\/fr\/wp-json\/wp\/v2\/media?parent=13369"}],"curies":[{"name":"wp","href":"https:\/\/api.w.org\/{rel}","templated":true}]}}