{"id":13343,"date":"2022-04-12T14:35:56","date_gmt":"2022-04-12T18:35:56","guid":{"rendered":"https:\/\/baleines-forillon.com\/?page_id=13343"},"modified":"2024-06-25T08:05:00","modified_gmt":"2024-06-25T12:05:00","slug":"bienvenue-a-bord-2","status":"publish","type":"page","link":"https:\/\/baleines-forillon.com\/fr\/","title":{"rendered":"Bienvenue \u00e0 bord"},"content":{"rendered":"<p><a href=\"https:\/\/baleines-forillon.com\/fr\/rencontrez-notre-equipe\/\" target=\"_self\" rel=\"noopener\"><br \/>\n<img decoding=\"async\" src=\"https:\/\/baleines-forillon.com\/wp-content\/uploads\/2016\/05\/boatnarval111.png\" alt=\"boatnarval111\" \/><br \/>\n<\/a><\/p>\n<h4><a href=\"https:\/\/baleines-forillon.com\/fr\/rencontrez-notre-equipe\/\" target=\"_self\" rel=\"noopener\">Qui sommes nous<\/a><\/h4>\n<p><a href=\"..\/fr\/la-croisiere-aux-baleines\/\" target=\"_self\" rel=\"noopener\"><br \/>\n<img decoding=\"async\" src=\"https:\/\/baleines-forillon.com\/wp-content\/uploads\/2016\/05\/joinourcruise.png\" alt=\"joinourcruise\" \/><br \/>\n<\/a><\/p>\n<h4><a href=\"..\/fr\/la-croisiere-aux-baleines\/\" target=\"_self\" rel=\"noopener\">Embarquez \u00e0 bord<\/a><\/h4>\n<h3>Pr\u00eat pour une exp\u00e9rience inoubliable avec les plus grandes baleines?<\/h3>\n<p><a role=\"button\" href=\"https:\/\/baleines-forillon.com\/fr\/billetterie\/\" target=\"_self\" rel=\"noopener\"><br \/>\nReservez maintenant<br \/>\n<\/a><\/p>\n","protected":false},"excerpt":{"rendered":"<p>Qui sommes nous Embarquez \u00e0 bord Pr\u00eat pour une exp\u00e9rience inoubliable avec les plus grandes baleines? Reservez maintenant<\/p>\n","protected":false},"author":4,"featured_media":1116,"parent":0,"menu_order":0,"comment_status":"closed","ping_status":"closed","template":"","meta":{"_acf_changed":false,"_genesis_hide_title":false,"_genesis_hide_breadcrumbs":false,"_genesis_hide_singular_image":false,"_genesis_hide_footer_widgets":false,"_genesis_custom_body_class":"","_genesis_custom_post_class":"","_genesis_layout":"full-width-content","footnotes":""},"yoast_head":"<!-- This site is optimized with the Yoast SEO plugin v22.5 - https:\/\/yoast.com\/wordpress\/plugins\/seo\/ -->\n<title>Bienvenue \u00e0 bord - Baleines Forillon<\/title>\n<meta name=\"robots\" content=\"index, follow, max-snippet:-1, max-image-preview:large, max-video-preview:-1\" \/>\n<link rel=\"canonical\" href=\"https:\/\/www.baleines-forillon.com\/fr\/\" \/>\n<meta property=\"og:locale\" content=\"fr_CA\" \/>\n<meta property=\"og:type\" content=\"article\" \/>\n<meta property=\"og:title\" content=\"Bienvenue \u00e0 bord - Baleines Forillon\" \/>\n<meta property=\"og:description\" content=\"Qui sommes nous Embarquez \u00e0 bord Pr\u00eat pour une exp\u00e9rience inoubliable avec les plus grandes baleines? Reservez maintenant\" \/>\n<meta property=\"og:url\" content=\"https:\/\/www.baleines-forillon.com\/fr\/\" \/>\n<meta property=\"og:site_name\" content=\"Baleines Forillon\" \/>\n<meta property=\"article:modified_time\" content=\"2024-06-25T12:05:00+00:00\" \/>\n<meta property=\"og:image\" content=\"https:\/\/www.baleines-forillon.com\/wp-content\/uploads\/2016\/10\/logowhite.png\" \/>\n\t<meta property=\"og:image:width\" content=\"200\" \/>\n\t<meta property=\"og:image:height\" content=\"150\" \/>\n\t<meta property=\"og:image:type\" content=\"image\/png\" \/>\n<meta name=\"twitter:card\" content=\"summary_large_image\" \/>\n<meta name=\"twitter:label1\" content=\"Estimation du temps de lecture\" \/>\n\t<meta name=\"twitter:data1\" content=\"3 minutes\" \/>\n<script type=\"application\/ld+json\" class=\"yoast-schema-graph\">{\"@context\":\"https:\/\/schema.org\",\"@graph\":[{\"@type\":\"WebPage\",\"@id\":\"https:\/\/www.baleines-forillon.com\/fr\/\",\"url\":\"https:\/\/www.baleines-forillon.com\/fr\/\",\"name\":\"Bienvenue \u00e0 bord - Baleines Forillon\",\"isPartOf\":{\"@id\":\"https:\/\/baleines-forillon.com\/fr\/#website\"},\"primaryImageOfPage\":{\"@id\":\"https:\/\/www.baleines-forillon.com\/fr\/#primaryimage\"},\"image\":{\"@id\":\"https:\/\/www.baleines-forillon.com\/fr\/#primaryimage\"},\"thumbnailUrl\":\"https:\/\/baleines-forillon.com\/wp-content\/uploads\/2016\/10\/logowhite.png\",\"datePublished\":\"2022-04-12T18:35:56+00:00\",\"dateModified\":\"2024-06-25T12:05:00+00:00\",\"breadcrumb\":{\"@id\":\"https:\/\/www.baleines-forillon.com\/fr\/#breadcrumb\"},\"inLanguage\":\"fr-CA\",\"potentialAction\":[{\"@type\":\"ReadAction\",\"target\":[\"https:\/\/www.baleines-forillon.com\/fr\/\"]}]},{\"@type\":\"ImageObject\",\"inLanguage\":\"fr-CA\",\"@id\":\"https:\/\/www.baleines-forillon.com\/fr\/#primaryimage\",\"url\":\"https:\/\/baleines-forillon.com\/wp-content\/uploads\/2016\/10\/logowhite.png\",\"contentUrl\":\"https:\/\/baleines-forillon.com\/wp-content\/uploads\/2016\/10\/logowhite.png\",\"width\":200,\"height\":150},{\"@type\":\"BreadcrumbList\",\"@id\":\"https:\/\/www.baleines-forillon.com\/fr\/#breadcrumb\",\"itemListElement\":[{\"@type\":\"ListItem\",\"position\":1,\"name\":\"Home\",\"item\":\"https:\/\/www.baleines-forillon.com\/fr\/\"},{\"@type\":\"ListItem\",\"position\":2,\"name\":\"Bienvenue \u00e0 bord\"}]},{\"@type\":\"WebSite\",\"@id\":\"https:\/\/baleines-forillon.com\/fr\/#website\",\"url\":\"https:\/\/baleines-forillon.com\/fr\/\",\"name\":\"Baleines Forillon\",\"description\":\"Observation de baleines au parc national Forillon | Whale-watching Cruise in Forillon National Park\",\"potentialAction\":[{\"@type\":\"SearchAction\",\"target\":{\"@type\":\"EntryPoint\",\"urlTemplate\":\"https:\/\/baleines-forillon.com\/fr\/?s={search_term_string}\"},\"query-input\":\"required name=search_term_string\"}],\"inLanguage\":\"fr-CA\"}]}<\/script>\n<!-- \/ Yoast SEO plugin. -->","yoast_head_json":{"title":"Bienvenue \u00e0 bord - Baleines Forillon","robots":{"index":"index","follow":"follow","max-snippet":"max-snippet:-1","max-image-preview":"max-image-preview:large","max-video-preview":"max-video-preview:-1"},"canonical":"https:\/\/www.baleines-forillon.com\/fr\/","og_locale":"fr_CA","og_type":"article","og_title":"Bienvenue \u00e0 bord - Baleines Forillon","og_description":"Qui sommes nous Embarquez \u00e0 bord Pr\u00eat pour une exp\u00e9rience inoubliable avec les plus grandes baleines? Reservez maintenant","og_url":"https:\/\/www.baleines-forillon.com\/fr\/","og_site_name":"Baleines Forillon","article_modified_time":"2024-06-25T12:05:00+00:00","og_image":[{"width":200,"height":150,"url":"https:\/\/www.baleines-forillon.com\/wp-content\/uploads\/2016\/10\/logowhite.png","type":"image\/png"}],"twitter_card":"summary_large_image","twitter_misc":{"Estimation du temps de lecture":"3 minutes"},"schema":{"@context":"https:\/\/schema.org","@graph":[{"@type":"WebPage","@id":"https:\/\/www.baleines-forillon.com\/fr\/","url":"https:\/\/www.baleines-forillon.com\/fr\/","name":"Bienvenue \u00e0 bord - Baleines Forillon","isPartOf":{"@id":"https:\/\/baleines-forillon.com\/fr\/#website"},"primaryImageOfPage":{"@id":"https:\/\/www.baleines-forillon.com\/fr\/#primaryimage"},"image":{"@id":"https:\/\/www.baleines-forillon.com\/fr\/#primaryimage"},"thumbnailUrl":"https:\/\/baleines-forillon.com\/wp-content\/uploads\/2016\/10\/logowhite.png","datePublished":"2022-04-12T18:35:56+00:00","dateModified":"2024-06-25T12:05:00+00:00","breadcrumb":{"@id":"https:\/\/www.baleines-forillon.com\/fr\/#breadcrumb"},"inLanguage":"fr-CA","potentialAction":[{"@type":"ReadAction","target":["https:\/\/www.baleines-forillon.com\/fr\/"]}]},{"@type":"ImageObject","inLanguage":"fr-CA","@id":"https:\/\/www.baleines-forillon.com\/fr\/#primaryimage","url":"https:\/\/baleines-forillon.com\/wp-content\/uploads\/2016\/10\/logowhite.png","contentUrl":"https:\/\/baleines-forillon.com\/wp-content\/uploads\/2016\/10\/logowhite.png","width":200,"height":150},{"@type":"BreadcrumbList","@id":"https:\/\/www.baleines-forillon.com\/fr\/#breadcrumb","itemListElement":[{"@type":"ListItem","position":1,"name":"Home","item":"https:\/\/www.baleines-forillon.com\/fr\/"},{"@type":"ListItem","position":2,"name":"Bienvenue \u00e0 bord"}]},{"@type":"WebSite","@id":"https:\/\/baleines-forillon.com\/fr\/#website","url":"https:\/\/baleines-forillon.com\/fr\/","name":"Baleines Forillon","description":"Observation de baleines au parc national Forillon | Whale-watching Cruise in Forillon National Park","potentialAction":[{"@type":"SearchAction","target":{"@type":"EntryPoint","urlTemplate":"https:\/\/baleines-forillon.com\/fr\/?s={search_term_string}"},"query-input":"required name=search_term_string"}],"inLanguage":"fr-CA"}]}},"acf":[],"_links":{"self":[{"href":"https:\/\/baleines-forillon.com\/fr\/wp-json\/wp\/v2\/pages\/13343"}],"collection":[{"href":"https:\/\/baleines-forillon.com\/fr\/wp-json\/wp\/v2\/pages"}],"about":[{"href":"https:\/\/baleines-forillon.com\/fr\/wp-json\/wp\/v2\/types\/page"}],"author":[{"embeddable":true,"href":"https:\/\/baleines-forillon.com\/fr\/wp-json\/wp\/v2\/users\/4"}],"replies":[{"embeddable":true,"href":"https:\/\/baleines-forillon.com\/fr\/wp-json\/wp\/v2\/comments?post=13343"}],"version-history":[{"count":20,"href":"https:\/\/baleines-forillon.com\/fr\/wp-json\/wp\/v2\/pages\/13343\/revisions"}],"predecessor-version":[{"id":23771,"href":"https:\/\/baleines-forillon.com\/fr\/wp-json\/wp\/v2\/pages\/13343\/revisions\/23771"}],"wp:featuredmedia":[{"embeddable":true,"href":"https:\/\/baleines-forillon.com\/fr\/wp-json\/wp\/v2\/media\/1116"}],"wp:attachment":[{"href":"https:\/\/baleines-forillon.com\/fr\/wp-json\/wp\/v2\/media?parent=13343"}],"curies":[{"name":"wp","href":"https:\/\/api.w.org\/{rel}","templated":true}]}}