{"id":2160,"date":"2020-01-28T15:06:25","date_gmt":"2020-01-28T20:06:25","guid":{"rendered":"https:\/\/baleines-forillon.com\/?page_id=2160"},"modified":"2026-03-20T16:32:25","modified_gmt":"2026-03-20T20:32:25","slug":"billetterie","status":"publish","type":"page","link":"https:\/\/baleines-forillon.com\/en\/billetterie\/","title":{"rendered":"Billetterie"},"content":{"rendered":"\r\n<h2 class=\"wp-block-heading\">Tickets<\/h2>\r\n<p style=\"text-align: justify;\"><span style=\"font-size: 18pt;\">Good news! We now have a departure from the Gasp\u00e9 marina. When you book aboard the Cap Aventure, your departure will be from there. Please double-check your reservation to ensure you are going to the correct location.<\/span><a class=\"showAsButton\" href=\"https:\/\/www.google.com\/maps\/dir\/\/Club+Nautique+Jacques-Cartier,+10+Rue+de+la+Marina,+Gasp%C3%A9,+QC+G4X+3B1\/@44.6234624,-65.7648416,79340m\/data=!3m1!1e3!4m8!4m7!1m0!1m5!1m1!1s0x4c9bbf1a69c4cf51:0x4e737e833a5fcda0!2m2!1d-64.4782104!2d48.827507?entry=ttu&amp;g_ep=EgoyMDI2MDMxNy4wIKXMDSoASAFQAw%3D%3D\" target=\"\" rel=\"noopener\">https:\/\/www.google.com\/maps\/dir\/\/Club+Nautique+Jacques-Cartier,+10+Rue+de+la+Marina,+Gasp%C3%A9,+QC+G4X+3B1\/@44.6234624,-65.7648416,79340m\/data=!3m1!1e3!4m8!4m7!1m0!1m5!1m1!1s0x4c9bbf1a69c4cf51:0x4e737e833a5fcda0!2m2!1d-64.4782104!2d48.827507?entry=ttu&amp;g_ep=EgoyMDI2MDMxNy4wIKXMDSoASAFQAw%3D%3D<\/a><\/p>\r\n<p><strong>VERY IMPORTANT (Read before booking at the bottom of the page in the calendar)<\/strong><\/p>\r\n<p>Please dress warmly, in several layers.<\/p>\r\n<p><br \/>You must arrive at our ticket office 30 minutes before the scheduled boarding time to collect your cruise ticket.<br \/>Boarding the ship is always 15 minutes before departure time, as there is a safety briefing (whales on board) before each departure.<\/p>\r\n<p>Gasp\u00e9 Bay Cruises assumes no responsibility for any inconvenience caused by delays, and customers will not be reimbursed in case of a delay. It is advisable to allow extra time for your travels, as from early June to mid-October, there may be roadwork, heavy traffic, and waiting times at the south entrance gate of Forillon National Park. We must adhere to our schedule and depart at the precise time indicated on the timetable.<\/p>\r\n<p>Plus d&#8217;informations importantes ici : <a href=\"https:\/\/baleines-forillon.com\/fr\/informations-importantes\/\">https:\/\/www.baleines-forillon.com\/fr\/informations-importantes\/<\/a><\/p>\r\n<p><strong>\u00a0<\/strong><\/p>\r\n\r\n\r\n<div class=\"tarif-box\">\r\n            <div class=\"row\">\r\n                <div class=\"col-md-4 col-xl-3\">\r\n                    <h3 class='tarif-box-boat-name'>Narval III<\/h3>\r\n                <div class=\"prix-row\">\r\n                    <span class=\"descr-title\">Adult<\/span>\r\n                    <span class=\"prix-title\">84.81$<\/span>\r\n                <\/div>\r\n        \r\n                <div class=\"prix-row\">\r\n                    <span class=\"descr-title\">Children (3 to 15)<\/span>\r\n                    <span class=\"prix-title\">63.06$<\/span>\r\n                <\/div>\r\n        \r\n                <div class=\"prix-row\">\r\n                    <span class=\"descr-title\">Children (0 to 2)<\/span>\r\n                    <span class=\"prix-title\">Free<\/span>\r\n                <\/div>\r\n        <hr><h3 class='tarif-box-boat-name'>Rocher L.V<\/h3>\r\n                <div class=\"prix-row\">\r\n                    <span class=\"descr-title\">Adult<\/span>\r\n                    <span class=\"prix-title\">84.81$<\/span>\r\n                <\/div>\r\n        <hr><h3 class='tarif-box-boat-name'>Cap Aventure (Marina de Gasp\u00e9)<\/h3>\r\n                <div class=\"prix-row\">\r\n                    <span class=\"descr-title\">Adult (13+ years old)<\/span>\r\n                    <span class=\"prix-title\">84.81$<\/span>\r\n                <\/div>\r\n        <hr><h3 class='tarif-box-boat-name'>Cap Aventure 1<\/h3>\r\n                <div class=\"prix-row\">\r\n                    <span class=\"descr-title\">Adult  (13+ years old)<\/span>\r\n                    <span class=\"prix-title\">84.81$<\/span>\r\n                <\/div>\r\n        <\/div>\r\n                <div class=\"col-md-7 offset-md-1 col-xl-6\">\r\n                    <div class=\"frais-service-box\">\r\n                        <p>Des frais de service de 2,50$ par billet seront ajout\u00e9s \u00e0 votre commande sur chaque achat en ligne et de 5$ par billet pour les commandes par t\u00e9l\u00e9phone. Les utilisateurs du service de croisi\u00e8re sont tenus de payer les droits d\u2019entr\u00e9e au parc national de Forillon.<\/p>\n\r\n                    <\/div>\r\n                <\/div>\r\n            <\/div>\r\n        <\/div>\r\n        <div id=\"events-calendar-container-wpb\">\r\n                <div class=\"events-calendar-wrapper\">\r\n                    <div id=\"jbCalendarLoading\">\r\n                        <img decoding=\"async\" src=\"https:\/\/baleines-forillon.com\/wp-content\/mu-plugins\/jolibilletterie\/\/images\/loader.svg\" \/>\r\n                    <\/div>\r\n                    <div id=\"jbCalendar\">\r\n            \r\n                    <\/div>\r\n                    <div id=\"jb-time-selection\"><a class=\"back-to-calendar\">< Back to calendar<\/a>\r\n            <hr>\r\n            <h3 class=\"date-selection\"><\/h3>\r\n            <div class=\"date-selection-banner\">\r\n                <div class=\"date-selection-banner-boat\">Boat<\/div>\r\n                <div class=\"date-selection-banner-hour\">Boarding time<\/div>\r\n                <div class=\"date-selection-banner-type\">Type<\/div>\r\n                <div class=\"date-selection-banner-ticket\">Quantity<\/div>\r\n            <\/div><div class=\"jbCartItems\" data-boat-id=\"8\">\r\n                    <div class=\"jbCartItemsRow\" id=\"jb_product_type_34040\" data-id=\"34040\">\r\n                      <div class=\"jb-cart-item-boat\">Cap Aventure (Marina de Gasp\u00e9)<\/div> \r\n                      <div class=\"jb-time-select-container\"><select class=\"jb-time-select\"><\/select><\/div>\r\n                        <div class=\"jb-cart-item-label\">Adult (13+ years old)<\/div>\r\n                       <div class=\"jb-qty-container\">\r\n                            <button class=\"jb-qty-minus\">&#8211;<\/button>\r\n                            <input class=\"jb-qty\" type=\"text\" disabled=\"\" value=\"0\">\r\n                            <button class=\"jb-qty-plus\">+<\/button>\r\n                        <\/div>\r\n                    <\/div>\r\n            <br><\/div><div class=\"jbCartItems\" data-boat-id=\"10\">\r\n                    <div class=\"jbCartItemsRow\" id=\"jb_product_type_34044\" data-id=\"34044\">\r\n                      <div class=\"jb-cart-item-boat\">Cap Aventure 1<\/div> \r\n                      <div class=\"jb-time-select-container\"><select class=\"jb-time-select\"><\/select><\/div>\r\n                        <div class=\"jb-cart-item-label\">Adult  (13+ years old)<\/div>\r\n                       <div class=\"jb-qty-container\">\r\n                            <button class=\"jb-qty-minus\">&#8211;<\/button>\r\n                            <input class=\"jb-qty\" type=\"text\" disabled=\"\" value=\"0\">\r\n                            <button class=\"jb-qty-plus\">+<\/button>\r\n                        <\/div>\r\n                    <\/div>\r\n            <br><\/div><div class=\"jbCartItems\" data-boat-id=\"1\">\r\n                    <div class=\"jbCartItemsRow\" id=\"jb_product_type_2162\" data-id=\"2162\">\r\n                      <div class=\"jb-cart-item-boat\">Narval III<\/div> \r\n                      <div class=\"jb-time-select-container\"><select class=\"jb-time-select\"><\/select><\/div>\r\n                        <div class=\"jb-cart-item-label\">Adult<\/div>\r\n                       <div class=\"jb-qty-container\">\r\n                            <button class=\"jb-qty-minus\">&#8211;<\/button>\r\n                            <input class=\"jb-qty\" type=\"text\" disabled=\"\" value=\"0\">\r\n                            <button class=\"jb-qty-plus\">+<\/button>\r\n                        <\/div>\r\n                    <\/div>\r\n            \r\n                    <div class=\"jbCartItemsRow\" id=\"jb_product_type_2164\" data-id=\"2164\">\r\n                      <div class=\"jb-cart-item-boat\">&nbsp;<\/div> \r\n                      <div class=\"jb-time-select-container\">&nbsp;<\/div>\r\n                        <div class=\"jb-cart-item-label\">Children (3 to 15)<\/div>\r\n                       <div class=\"jb-qty-container\">\r\n                            <button class=\"jb-qty-minus\">&#8211;<\/button>\r\n                            <input class=\"jb-qty\" type=\"text\" disabled=\"\" value=\"0\">\r\n                            <button class=\"jb-qty-plus\">+<\/button>\r\n                        <\/div>\r\n                    <\/div>\r\n            \r\n                    <div class=\"jbCartItemsRow\" id=\"jb_product_type_2165\" data-id=\"2165\">\r\n                      <div class=\"jb-cart-item-boat\">&nbsp;<\/div> \r\n                      <div class=\"jb-time-select-container\">&nbsp;<\/div>\r\n                        <div class=\"jb-cart-item-label\">Children (0 to 2)<\/div>\r\n                       <div class=\"jb-qty-container\">\r\n                            <button class=\"jb-qty-minus\">&#8211;<\/button>\r\n                            <input class=\"jb-qty\" type=\"text\" disabled=\"\" value=\"0\">\r\n                            <button class=\"jb-qty-plus\">+<\/button>\r\n                        <\/div>\r\n                    <\/div>\r\n            <br><\/div><div class=\"jbCartItems\" data-boat-id=\"3\">\r\n                    <div class=\"jbCartItemsRow\" id=\"jb_product_type_18375\" data-id=\"18375\">\r\n                      <div class=\"jb-cart-item-boat\">Rocher L.V<\/div> \r\n                      <div class=\"jb-time-select-container\"><select class=\"jb-time-select\"><\/select><\/div>\r\n                        <div class=\"jb-cart-item-label\">Adult<\/div>\r\n                       <div class=\"jb-qty-container\">\r\n                            <button class=\"jb-qty-minus\">&#8211;<\/button>\r\n                            <input class=\"jb-qty\" type=\"text\" disabled=\"\" value=\"0\">\r\n                            <button class=\"jb-qty-plus\">+<\/button>\r\n                        <\/div>\r\n                    <\/div>\r\n            <br><p class='text-center'>Look for the * if you are seeking a cruise with commentary in both English and French.<\/p><\/div><div class='jbCartButtons'><button class='btn btn-primary' id='addtoCartPay'>Add to cart and pay<\/button><\/div><\/div><div class='places-desc-box'><div class='legende-dispo-box'><div class='carre'><\/div><div class='txt-legende'>Places available<\/div><\/div><div class='legende-complet-box'><div class='carre'><\/div><div class='txt-legende'>Full<\/div><\/div><\/div><\/div><\/div>","protected":false},"excerpt":{"rendered":"<p>Tickets Good news! We now have a departure from the Gasp\u00e9 marina. When you book aboard the Cap Aventure, your departure will be from there. Please double-check your reservation to ensure you are going to the correct location.https:\/\/www.google.com\/maps\/dir\/\/Club+Nautique+Jacques-Cartier,+10+Rue+de+la+Marina,+Gasp%C3%A9,+QC+G4X+3B1\/@44.6234624,-65.7648416,79340m\/data=!3m1!1e3!4m8!4m7!1m0!1m5!1m1!1s0x4c9bbf1a69c4cf51:0x4e737e833a5fcda0!2m2!1d-64.4782104!2d48.827507?entry=ttu&amp;g_ep=EgoyMDI2MDMxNy4wIKXMDSoASAFQAw%3D%3D VERY IMPORTANT (Read before booking at the bottom of the page in the calendar) Please dress warmly, [&hellip;]<\/p>\n","protected":false},"author":4,"featured_media":0,"parent":0,"menu_order":0,"comment_status":"closed","ping_status":"closed","template":"page-billetterie.php","meta":{"_acf_changed":false,"_genesis_hide_title":false,"_genesis_hide_breadcrumbs":false,"_genesis_hide_singular_image":false,"_genesis_hide_footer_widgets":false,"_genesis_custom_body_class":"","_genesis_custom_post_class":"","_genesis_layout":"","footnotes":""},"class_list":{"0":"post-2160","1":"page","2":"type-page","3":"status-publish","5":"entry","6":"override"},"yoast_head":"<!-- This site is optimized with the Yoast SEO plugin v27.5 - https:\/\/yoast.com\/product\/yoast-seo-wordpress\/ -->\n<title>Billetterie - Baleines Forillon<\/title>\n<meta name=\"robots\" content=\"index, follow, max-snippet:-1, max-image-preview:large, max-video-preview:-1\" \/>\n<link rel=\"canonical\" href=\"https:\/\/baleines-forillon.com\/en\/billetterie\/\" \/>\n<meta property=\"og:locale\" content=\"en_US\" \/>\n<meta property=\"og:type\" content=\"article\" \/>\n<meta property=\"og:title\" content=\"Billetterie - Baleines Forillon\" \/>\n<meta property=\"og:description\" content=\"Tickets Good news! We now have a departure from the Gasp\u00e9 marina. When you book aboard the Cap Aventure, your departure will be from there. Please double-check your reservation to ensure you are going to the correct location.https:\/\/www.google.com\/maps\/dir\/\/Club+Nautique+Jacques-Cartier,+10+Rue+de+la+Marina,+Gasp%C3%A9,+QC+G4X+3B1\/@44.6234624,-65.7648416,79340m\/data=!3m1!1e3!4m8!4m7!1m0!1m5!1m1!1s0x4c9bbf1a69c4cf51:0x4e737e833a5fcda0!2m2!1d-64.4782104!2d48.827507?entry=ttu&amp;g_ep=EgoyMDI2MDMxNy4wIKXMDSoASAFQAw%3D%3D VERY IMPORTANT (Read before booking at the bottom of the page in the calendar) Please dress warmly, [&hellip;]\" \/>\n<meta property=\"og:url\" content=\"https:\/\/baleines-forillon.com\/en\/billetterie\/\" \/>\n<meta property=\"og:site_name\" content=\"Baleines Forillon\" \/>\n<meta property=\"article:modified_time\" content=\"2026-03-20T20:32:25+00:00\" \/>\n<meta name=\"twitter:card\" content=\"summary_large_image\" \/>\n<meta name=\"twitter:label1\" content=\"Est. reading time\" \/>\n\t<meta name=\"twitter:data1\" content=\"1 minute\" \/>\n<script type=\"application\/ld+json\" class=\"yoast-schema-graph\">{\"@context\":\"https:\\\/\\\/schema.org\",\"@graph\":[{\"@type\":\"WebPage\",\"@id\":\"https:\\\/\\\/baleines-forillon.com\\\/en\\\/billetterie\\\/\",\"url\":\"https:\\\/\\\/baleines-forillon.com\\\/en\\\/billetterie\\\/\",\"name\":\"Billetterie - Baleines Forillon\",\"isPartOf\":{\"@id\":\"https:\\\/\\\/baleines-forillon.com\\\/en\\\/#website\"},\"datePublished\":\"2020-01-28T20:06:25+00:00\",\"dateModified\":\"2026-03-20T20:32:25+00:00\",\"breadcrumb\":{\"@id\":\"https:\\\/\\\/baleines-forillon.com\\\/en\\\/billetterie\\\/#breadcrumb\"},\"inLanguage\":\"en-US\",\"potentialAction\":[{\"@type\":\"ReadAction\",\"target\":[\"https:\\\/\\\/baleines-forillon.com\\\/en\\\/billetterie\\\/\"]}]},{\"@type\":\"BreadcrumbList\",\"@id\":\"https:\\\/\\\/baleines-forillon.com\\\/en\\\/billetterie\\\/#breadcrumb\",\"itemListElement\":[{\"@type\":\"ListItem\",\"position\":1,\"name\":\"Home\",\"item\":\"https:\\\/\\\/baleines-forillon.com\\\/en\\\/\"},{\"@type\":\"ListItem\",\"position\":2,\"name\":\"Billetterie\"}]},{\"@type\":\"WebSite\",\"@id\":\"https:\\\/\\\/baleines-forillon.com\\\/en\\\/#website\",\"url\":\"https:\\\/\\\/baleines-forillon.com\\\/en\\\/\",\"name\":\"Baleines Forillon\",\"description\":\"Observation de baleines au parc national Forillon | Whale-watching Cruise in Forillon National Park\",\"potentialAction\":[{\"@type\":\"SearchAction\",\"target\":{\"@type\":\"EntryPoint\",\"urlTemplate\":\"https:\\\/\\\/baleines-forillon.com\\\/en\\\/?s={search_term_string}\"},\"query-input\":{\"@type\":\"PropertyValueSpecification\",\"valueRequired\":true,\"valueName\":\"search_term_string\"}}],\"inLanguage\":\"en-US\"}]}<\/script>\n<!-- \/ Yoast SEO plugin. -->","yoast_head_json":{"title":"Billetterie - Baleines Forillon","robots":{"index":"index","follow":"follow","max-snippet":"max-snippet:-1","max-image-preview":"max-image-preview:large","max-video-preview":"max-video-preview:-1"},"canonical":"https:\/\/baleines-forillon.com\/en\/billetterie\/","og_locale":"en_US","og_type":"article","og_title":"Billetterie - Baleines Forillon","og_description":"Tickets Good news! We now have a departure from the Gasp\u00e9 marina. When you book aboard the Cap Aventure, your departure will be from there. Please double-check your reservation to ensure you are going to the correct location.https:\/\/www.google.com\/maps\/dir\/\/Club+Nautique+Jacques-Cartier,+10+Rue+de+la+Marina,+Gasp%C3%A9,+QC+G4X+3B1\/@44.6234624,-65.7648416,79340m\/data=!3m1!1e3!4m8!4m7!1m0!1m5!1m1!1s0x4c9bbf1a69c4cf51:0x4e737e833a5fcda0!2m2!1d-64.4782104!2d48.827507?entry=ttu&amp;g_ep=EgoyMDI2MDMxNy4wIKXMDSoASAFQAw%3D%3D VERY IMPORTANT (Read before booking at the bottom of the page in the calendar) Please dress warmly, [&hellip;]","og_url":"https:\/\/baleines-forillon.com\/en\/billetterie\/","og_site_name":"Baleines Forillon","article_modified_time":"2026-03-20T20:32:25+00:00","twitter_card":"summary_large_image","twitter_misc":{"Est. reading time":"1 minute"},"schema":{"@context":"https:\/\/schema.org","@graph":[{"@type":"WebPage","@id":"https:\/\/baleines-forillon.com\/en\/billetterie\/","url":"https:\/\/baleines-forillon.com\/en\/billetterie\/","name":"Billetterie - Baleines Forillon","isPartOf":{"@id":"https:\/\/baleines-forillon.com\/en\/#website"},"datePublished":"2020-01-28T20:06:25+00:00","dateModified":"2026-03-20T20:32:25+00:00","breadcrumb":{"@id":"https:\/\/baleines-forillon.com\/en\/billetterie\/#breadcrumb"},"inLanguage":"en-US","potentialAction":[{"@type":"ReadAction","target":["https:\/\/baleines-forillon.com\/en\/billetterie\/"]}]},{"@type":"BreadcrumbList","@id":"https:\/\/baleines-forillon.com\/en\/billetterie\/#breadcrumb","itemListElement":[{"@type":"ListItem","position":1,"name":"Home","item":"https:\/\/baleines-forillon.com\/en\/"},{"@type":"ListItem","position":2,"name":"Billetterie"}]},{"@type":"WebSite","@id":"https:\/\/baleines-forillon.com\/en\/#website","url":"https:\/\/baleines-forillon.com\/en\/","name":"Baleines Forillon","description":"Observation de baleines au parc national Forillon | Whale-watching Cruise in Forillon National Park","potentialAction":[{"@type":"SearchAction","target":{"@type":"EntryPoint","urlTemplate":"https:\/\/baleines-forillon.com\/en\/?s={search_term_string}"},"query-input":{"@type":"PropertyValueSpecification","valueRequired":true,"valueName":"search_term_string"}}],"inLanguage":"en-US"}]}},"acf":[],"_links":{"self":[{"href":"https:\/\/baleines-forillon.com\/en\/wp-json\/wp\/v2\/pages\/2160","targetHints":{"allow":["GET"]}}],"collection":[{"href":"https:\/\/baleines-forillon.com\/en\/wp-json\/wp\/v2\/pages"}],"about":[{"href":"https:\/\/baleines-forillon.com\/en\/wp-json\/wp\/v2\/types\/page"}],"author":[{"embeddable":true,"href":"https:\/\/baleines-forillon.com\/en\/wp-json\/wp\/v2\/users\/4"}],"replies":[{"embeddable":true,"href":"https:\/\/baleines-forillon.com\/en\/wp-json\/wp\/v2\/comments?post=2160"}],"version-history":[{"count":34,"href":"https:\/\/baleines-forillon.com\/en\/wp-json\/wp\/v2\/pages\/2160\/revisions"}],"predecessor-version":[{"id":34049,"href":"https:\/\/baleines-forillon.com\/en\/wp-json\/wp\/v2\/pages\/2160\/revisions\/34049"}],"wp:attachment":[{"href":"https:\/\/baleines-forillon.com\/en\/wp-json\/wp\/v2\/media?parent=2160"}],"curies":[{"name":"wp","href":"https:\/\/api.w.org\/{rel}","templated":true}]}}